{"id":374,"date":"2020-09-01T11:18:55","date_gmt":"2020-09-01T09:18:55","guid":{"rendered":"https:\/\/dirler.com\/ueber-uns\/"},"modified":"2020-09-09T16:31:50","modified_gmt":"2020-09-09T14:31:50","slug":"about-us","status":"publish","type":"page","link":"https:\/\/dirler.com\/en\/about-us\/","title":{"rendered":"About us"},"content":{"rendered":"\n\t\t<h1>\n\t\t\tABOUT US\n\t\t<\/h1>\n\t\t\t<p>A short overview about the history of our foundry<\/p>\t\t\n<h2>\n\t\tHistory of the Art foundry Dirler\n\t<\/h2>\n\t<p><em>This is a short overview about the history of our foundry. Vinzenz Dirler has worked with a variety of masters and partners. Thus he has gained insight in different ways of casting which contributes to our company&#8217;s success.\u00a0 <\/em><\/p>\n\t<p>For the first time Vinzenz Dirler got in touch with the art of foundry at the age of eight when in his spare time he assisted in the workshop of Mr Weithaler in Tscherms (Kr\u00e4nzelhof), South Tyrol.<\/p>\n<p>There he met Hans Haslinger, an Austrian caster, in whose shop he did an apprenticeship from 1967 until 1971.<\/p>\n<p>In Haslinger&#8217;s workshop Vinzenz learned the sand casting procedure.<\/p>\n<p>After this important work experience he decided to do another apprenticeship in Verona. From 1973 until 1976 he learned the lost wax method at the workshop \u201eFonderia Artistica Veronese\u201c and began to get in touch with some artists, like for instance Claudio Trevi.<\/p>\n\t<p>At the age of 25, Vinzenz returned to South Tyrol and worked for various workshops. Additionally, he founded a casting-workshop and operated a shop in Tisens.<\/p>\n<p>Between 1978 and 2002 Vinzenz alongside Michael H\u00f6llrigl restored many churches.<\/p>\n<p>In 1982 Vinzenz bought the Prantlhof in Marling. As of today, the Kunstgie\u00dferei Dirler is found there.<\/p>\n<p>His son Stefan went to a vocational school for electricians and after completion he did an apprenticeship in his father&#8217;s foundry.<\/p>\n<p>Since 2010 Stefan has been the head of the Kunstgie\u00dferei Dirler.<\/p>\n\t<iframe src=\"https:\/\/www.youtube-nocookie.com\/embed\/bRce_YzmZx0?rel=0\" frameborder=\"0\" allowfullscreen><\/iframe>\n","protected":false},"excerpt":{"rendered":"<p>ABOUT US A short overview about the history of our foundry History of the Art foundry Dirler This is a short overview about the history of our foundry. Vinzenz Dirler has worked with a variety of masters and partners. Thus he has gained insight in different ways of casting which contributes to our company&#8217;s success.\u00a0&hellip;<\/p>\n","protected":false},"author":1,"featured_media":0,"parent":0,"menu_order":4,"comment_status":"closed","ping_status":"closed","template":"","meta":{"footnotes":""},"class_list":["post-374","page","type-page","status-publish","hentry"],"yoast_head":"<!-- This site is optimized with the Yoast SEO plugin v27.0 - https:\/\/yoast.com\/product\/yoast-seo-wordpress\/ -->\n<title>About us | Kunstgie\u00dferei Dirler<\/title>\n<meta name=\"robots\" content=\"index, follow, max-snippet:-1, max-image-preview:large, max-video-preview:-1\" \/>\n<link rel=\"canonical\" href=\"https:\/\/dirler.com\/en\/about-us\/\" \/>\n<meta property=\"og:locale\" content=\"en_US\" \/>\n<meta property=\"og:type\" content=\"article\" \/>\n<meta property=\"og:title\" content=\"About us | Kunstgie\u00dferei Dirler\" \/>\n<meta property=\"og:description\" content=\"ABOUT US A short overview about the history of our foundry History of the Art foundry Dirler This is a short overview about the history of our foundry. Vinzenz Dirler has worked with a variety of masters and partners. Thus he has gained insight in different ways of casting which contributes to our company&#8217;s success.\u00a0&hellip;\" \/>\n<meta property=\"og:url\" content=\"https:\/\/dirler.com\/en\/about-us\/\" \/>\n<meta property=\"og:site_name\" content=\"Kunstgie\u00dferei Dirler\" \/>\n<meta property=\"article:publisher\" content=\"https:\/\/www.facebook.com\/kunstgiesserei\" \/>\n<meta property=\"article:modified_time\" content=\"2020-09-09T14:31:50+00:00\" \/>\n<meta name=\"twitter:card\" content=\"summary_large_image\" \/>\n<meta name=\"twitter:label1\" content=\"Est. reading time\" \/>\n\t<meta name=\"twitter:data1\" content=\"1 minute\" \/>\n<script type=\"application\/ld+json\" class=\"yoast-schema-graph\">{\"@context\":\"https:\/\/schema.org\",\"@graph\":[{\"@type\":\"WebPage\",\"@id\":\"https:\/\/dirler.com\/en\/about-us\/\",\"url\":\"https:\/\/dirler.com\/en\/about-us\/\",\"name\":\"About us | Kunstgie\u00dferei Dirler\",\"isPartOf\":{\"@id\":\"https:\/\/dirler.com\/en\/#website\"},\"datePublished\":\"2020-09-01T09:18:55+00:00\",\"dateModified\":\"2020-09-09T14:31:50+00:00\",\"breadcrumb\":{\"@id\":\"https:\/\/dirler.com\/en\/about-us\/#breadcrumb\"},\"inLanguage\":\"en-US\",\"potentialAction\":[{\"@type\":\"ReadAction\",\"target\":[\"https:\/\/dirler.com\/en\/about-us\/\"]}]},{\"@type\":\"BreadcrumbList\",\"@id\":\"https:\/\/dirler.com\/en\/about-us\/#breadcrumb\",\"itemListElement\":[{\"@type\":\"ListItem\",\"position\":1,\"name\":\"Startseite\",\"item\":\"https:\/\/dirler.com\/en\/\"},{\"@type\":\"ListItem\",\"position\":2,\"name\":\"About us\"}]},{\"@type\":\"WebSite\",\"@id\":\"https:\/\/dirler.com\/en\/#website\",\"url\":\"https:\/\/dirler.com\/en\/\",\"name\":\"Kunstgie\u00dferei Dirler\",\"description\":\"Bronzegie\u00dferei Gie\u00dferei Aluminium Messing Bronze\",\"publisher\":{\"@id\":\"https:\/\/dirler.com\/en\/#organization\"},\"potentialAction\":[{\"@type\":\"SearchAction\",\"target\":{\"@type\":\"EntryPoint\",\"urlTemplate\":\"https:\/\/dirler.com\/en\/?s={search_term_string}\"},\"query-input\":{\"@type\":\"PropertyValueSpecification\",\"valueRequired\":true,\"valueName\":\"search_term_string\"}}],\"inLanguage\":\"en-US\"},{\"@type\":\"Organization\",\"@id\":\"https:\/\/dirler.com\/en\/#organization\",\"name\":\"Kunstgie\u00dferei Dirler\",\"url\":\"https:\/\/dirler.com\/en\/\",\"logo\":{\"@type\":\"ImageObject\",\"inLanguage\":\"en-US\",\"@id\":\"https:\/\/dirler.com\/en\/#\/schema\/logo\/image\/\",\"url\":\"https:\/\/dirler.com\/wp-content\/uploads\/2020\/09\/logo_dirler-1.png\",\"contentUrl\":\"https:\/\/dirler.com\/wp-content\/uploads\/2020\/09\/logo_dirler-1.png\",\"width\":270,\"height\":83,\"caption\":\"Kunstgie\u00dferei Dirler\"},\"image\":{\"@id\":\"https:\/\/dirler.com\/en\/#\/schema\/logo\/image\/\"},\"sameAs\":[\"https:\/\/www.facebook.com\/kunstgiesserei\",\"https:\/\/www.instagram.com\/kunstgiesserei\/\"]}]}<\/script>\n<!-- \/ Yoast SEO plugin. -->","yoast_head_json":{"title":"About us | Kunstgie\u00dferei Dirler","robots":{"index":"index","follow":"follow","max-snippet":"max-snippet:-1","max-image-preview":"max-image-preview:large","max-video-preview":"max-video-preview:-1"},"canonical":"https:\/\/dirler.com\/en\/about-us\/","og_locale":"en_US","og_type":"article","og_title":"About us | Kunstgie\u00dferei Dirler","og_description":"ABOUT US A short overview about the history of our foundry History of the Art foundry Dirler This is a short overview about the history of our foundry. Vinzenz Dirler has worked with a variety of masters and partners. Thus he has gained insight in different ways of casting which contributes to our company&#8217;s success.\u00a0&hellip;","og_url":"https:\/\/dirler.com\/en\/about-us\/","og_site_name":"Kunstgie\u00dferei Dirler","article_publisher":"https:\/\/www.facebook.com\/kunstgiesserei","article_modified_time":"2020-09-09T14:31:50+00:00","twitter_card":"summary_large_image","twitter_misc":{"Est. reading time":"1 minute"},"schema":{"@context":"https:\/\/schema.org","@graph":[{"@type":"WebPage","@id":"https:\/\/dirler.com\/en\/about-us\/","url":"https:\/\/dirler.com\/en\/about-us\/","name":"About us | Kunstgie\u00dferei Dirler","isPartOf":{"@id":"https:\/\/dirler.com\/en\/#website"},"datePublished":"2020-09-01T09:18:55+00:00","dateModified":"2020-09-09T14:31:50+00:00","breadcrumb":{"@id":"https:\/\/dirler.com\/en\/about-us\/#breadcrumb"},"inLanguage":"en-US","potentialAction":[{"@type":"ReadAction","target":["https:\/\/dirler.com\/en\/about-us\/"]}]},{"@type":"BreadcrumbList","@id":"https:\/\/dirler.com\/en\/about-us\/#breadcrumb","itemListElement":[{"@type":"ListItem","position":1,"name":"Startseite","item":"https:\/\/dirler.com\/en\/"},{"@type":"ListItem","position":2,"name":"About us"}]},{"@type":"WebSite","@id":"https:\/\/dirler.com\/en\/#website","url":"https:\/\/dirler.com\/en\/","name":"Kunstgie\u00dferei Dirler","description":"Bronzegie\u00dferei Gie\u00dferei Aluminium Messing Bronze","publisher":{"@id":"https:\/\/dirler.com\/en\/#organization"},"potentialAction":[{"@type":"SearchAction","target":{"@type":"EntryPoint","urlTemplate":"https:\/\/dirler.com\/en\/?s={search_term_string}"},"query-input":{"@type":"PropertyValueSpecification","valueRequired":true,"valueName":"search_term_string"}}],"inLanguage":"en-US"},{"@type":"Organization","@id":"https:\/\/dirler.com\/en\/#organization","name":"Kunstgie\u00dferei Dirler","url":"https:\/\/dirler.com\/en\/","logo":{"@type":"ImageObject","inLanguage":"en-US","@id":"https:\/\/dirler.com\/en\/#\/schema\/logo\/image\/","url":"https:\/\/dirler.com\/wp-content\/uploads\/2020\/09\/logo_dirler-1.png","contentUrl":"https:\/\/dirler.com\/wp-content\/uploads\/2020\/09\/logo_dirler-1.png","width":270,"height":83,"caption":"Kunstgie\u00dferei Dirler"},"image":{"@id":"https:\/\/dirler.com\/en\/#\/schema\/logo\/image\/"},"sameAs":["https:\/\/www.facebook.com\/kunstgiesserei","https:\/\/www.instagram.com\/kunstgiesserei\/"]}]}},"_links":{"self":[{"href":"https:\/\/dirler.com\/en\/wp-json\/wp\/v2\/pages\/374","targetHints":{"allow":["GET"]}}],"collection":[{"href":"https:\/\/dirler.com\/en\/wp-json\/wp\/v2\/pages"}],"about":[{"href":"https:\/\/dirler.com\/en\/wp-json\/wp\/v2\/types\/page"}],"author":[{"embeddable":true,"href":"https:\/\/dirler.com\/en\/wp-json\/wp\/v2\/users\/1"}],"replies":[{"embeddable":true,"href":"https:\/\/dirler.com\/en\/wp-json\/wp\/v2\/comments?post=374"}],"version-history":[{"count":4,"href":"https:\/\/dirler.com\/en\/wp-json\/wp\/v2\/pages\/374\/revisions"}],"predecessor-version":[{"id":525,"href":"https:\/\/dirler.com\/en\/wp-json\/wp\/v2\/pages\/374\/revisions\/525"}],"wp:attachment":[{"href":"https:\/\/dirler.com\/en\/wp-json\/wp\/v2\/media?parent=374"}],"curies":[{"name":"wp","href":"https:\/\/api.w.org\/{rel}","templated":true}]}}