{"id":365,"date":"2020-09-01T11:21:46","date_gmt":"2020-09-01T09:21:46","guid":{"rendered":"https:\/\/dirler.com\/cookies\/"},"modified":"2020-09-09T16:43:44","modified_gmt":"2020-09-09T14:43:44","slug":"cookie","status":"publish","type":"page","link":"https:\/\/dirler.com\/it\/cookie\/","title":{"rendered":"Cookie"},"content":{"rendered":"\n\t\t<h1>\n\t\t\tCOOKIE\n\t\t<\/h1>\n\t<h2>Questo sito fa uso di cookie<\/h2>\n<p>I cookie sono piccoli file di testo memorizzati dal browser sul disco rigido del visitatore di un sito web. L&#8217;utilizzo di cookie avviene per vari motivi. Ad esempio rendono pi\u00f9 facile la navigazione, memorizzano le preferenze dell&#8217;utente e contribuiscono al fornimento di una migliore esperienza di navigazione.<\/p>\n<p>Accendendo a questo sito web, l&#8217;utente dichiara di acconsentire all&#8217;utilizzo dei cookie (propri e di terze parti).<\/p>\n<h3>Questo sito utilizza i seguenti cookie<\/h3>\n<ol>\n<li><strong>Cookie essenziali:<\/strong> Tali cookie hanno un carattere strettamente tecnico e servono, tra l&#8217;altro, a proteggere il nostro sito contro un eventuale utilizzazione abusiva, nonch\u00e9 a fornire determinati servizi, come ad esempio l&#8217;accesso ad un&#8217;area protetta da username e password. I cookie essenziali consistono in gran parte di &#8220;cookie di sessione&#8221;, che scadono nel momento in cui viene chiusa la sessione del browser.<\/li>\n<li><strong>Cookie di funzionalit\u00e0:<\/strong> Questi cookie sono di carattere tecnico e perseguono lo scopo di migliorare l&#8217;esperienza di navigazione sul sito. I cookie di funzionalit\u00e0 possono essere utilizzati per ricordare le scelte fatte dall&#8217;utente (come ad esempio l&#8217;impostazione della lingua preferita) e forniscono funzionalit\u00e0 avanzate personalizzate.<\/li>\n<li><strong>Cookie per l&#8217;analisi delle prestazioni:<\/strong> Questo sito fa uso di &#8220;Google Analytics&#8221;, uno strumento di di analisi web fornito da Google, Inc. (&#8220;Google&#8221;). Google Analytics utilizza diversi cookie che permettono di analizzare il modo in cui gli utenti utilizzano il sito. Le informazioni generate dai cookie riguardo all&#8217;uso del sito da parte degli utenti vengono trasmesse a, e depositate presso i server di Google negli Stati Uniti. Google utilizza le informazioni raccolte per valutare in che modo viene utilizzato il sito, per creare rapporti sulle attivit\u00e0 sul sito per il gestore del sito e per fornire ulteriori servizi legati all&#8217;uso del sito e all&#8217;uso di internet. Google comunicher\u00e0 eventualmente queste informazioni a terzi nei limiti prescritti dalla legge oppure per quanto questi terzi siano incaricati da parte di Google dell&#8217;elaborazione di questi dati. Google non assocer\u00e0 l&#8217;indirizzo IP del visitatore a nessun altro dato posseduto da Google. Per consultare l&#8217;informativa privacy della societ\u00e0 Google, relativa al servizio Google Analytics, La preghiamo di visitare il sito web <a href=\"http:\/\/www.google.it\/analytics\/learn\/privacy.html\" target=\"_blank\" rel=\"noopener noreferrer\" data-htmlarea-external=\"1\">http:\/\/www.google.it\/analytics\/learn\/privacy.html<\/a>.<\/li>\n<li><strong>Cookie da terze parti per fini di marketing, profilazione e retargeting:<\/strong> Quest sito fa uso di servizi forniti da terzi come ad esempio &#8220;Google Analytics&#8221;. Google Analytics utilizza Cookie che sono finalizzati a generare e pubblicare pubblicit\u00e0 personalizzata utilizzando le informazioni raccolte per creare dei profili personali.<\/li>\n<\/ol>\n<h3>Google Cookies<\/h3>\n<p>Google utilizza i seguenti cookie:<\/p>\n<strong>__utma<\/strong>: Utilizzato per distinguere e riconoscere utenti ed ha una durata di 2 anni.<br \/>\n<strong>__utmb<\/strong>: Utilizzato per determinare il numero delle visite ed ha una durata di 30 minuti.<br \/>\n<strong>__utmc<\/strong>: Utilizzato per determinare se si tratta di una sessione\/visita nuova, viene cancellato alla chiusura del browser.<br \/>\n<strong>__utmt<\/strong>: Utilizzato per abbassare il numero delle richieste ed ha una durata di 10 minuti.<br \/>\n<strong>__utmz<\/strong>: Utilizzato per memorizzare la fonte di traffico o la campagna. Questo cookie ha una durata di 6 mesi.\n<h3>Come eliminare e bloccare i Cookie<\/h3>\nL&#8217;utente pu\u00f2 disattivare e cancellare i cookie attraverso le impostazioni del browser. Tuttavia, in caso di rifiuto o disattivazione totale dei cookie l&#8217;utilizzo del sito potrebbe risultare limitato o del tutto compromesso.<br \/>\nEcco alcuni link che spiegano la procedura della disattivazione e\/o eliminazione dei cookie per i browser pi\u00f9 diffusi.\n<p><strong>Mozilla Firefox<\/strong><\/p>\n<ul>\n<li><a href=\"http:\/\/mzl.la\/1h1odkm\" target=\"_blank\" rel=\"noopener noreferrer\" data-htmlarea-external=\"1\">Eliminare i cookie<\/a><\/li>\n<li><a href=\"http:\/\/mzl.la\/1BAQFQq\" target=\"_blank\" rel=\"noopener noreferrer\" data-htmlarea-external=\"1\">Disattivare i cookie<\/a><\/li>\n<\/ul>\n<p><strong>Google Chrome<\/strong><\/p>\n<ul>\n<li><a href=\"https:\/\/support.google.com\/chrome\/answer\/95647?hl=it\" target=\"_blank\" rel=\"noopener noreferrer\" data-htmlarea-external=\"1\">Eliminare e bloccare i cookie<\/a><\/li>\n<\/ul>\n<p><strong>Safari (Mac)<\/strong><\/p>\n<ul>\n<li><a href=\"https:\/\/support.apple.com\/kb\/PH19214?viewlocale=it_IT&amp;locale=it_IT\" target=\"_blank\" rel=\"noopener noreferrer\" data-htmlarea-external=\"1\">Eliminare e bloccare i cookie<\/a><\/li>\n<\/ul>\n<p><strong>Internet Explorer<\/strong><\/p>\n<ul>\n<li><a href=\"http:\/\/windows.microsoft.com\/it-it\/internet-explorer\/delete-manage-cookies#ie=ie-11\" target=\"_blank\" rel=\"noopener noreferrer\" data-htmlarea-external=\"1\">Eliminare e bloccare i cookie<\/a><\/li>\n<\/ul>\n<p><strong>iOS<\/strong><\/p>\n<ul>\n<li><a href=\"https:\/\/support.apple.com\/it-it\/HT201265\" target=\"_blank\" rel=\"noopener noreferrer\" data-htmlarea-external=\"1\">Eliminare e bloccare i cookie<\/a><\/li>\n<\/ul>\n","protected":false},"excerpt":{"rendered":"<p>COOKIE Questo sito fa uso di cookie I cookie sono piccoli file di testo memorizzati dal browser sul disco rigido del visitatore di un sito web. L&#8217;utilizzo di cookie avviene per vari motivi. Ad esempio rendono pi\u00f9 facile la navigazione, memorizzano le preferenze dell&#8217;utente e contribuiscono al fornimento di una migliore esperienza di navigazione. Accendendo&hellip;<\/p>\n","protected":false},"author":1,"featured_media":0,"parent":0,"menu_order":9,"comment_status":"closed","ping_status":"closed","template":"","meta":{"footnotes":""},"class_list":["post-365","page","type-page","status-publish","hentry"],"yoast_head":"<!-- This site is optimized with the Yoast SEO plugin v27.0 - https:\/\/yoast.com\/product\/yoast-seo-wordpress\/ -->\n<title>Cookie | Kunstgie\u00dferei Dirler<\/title>\n<meta name=\"robots\" content=\"index, follow, max-snippet:-1, max-image-preview:large, max-video-preview:-1\" \/>\n<link rel=\"canonical\" href=\"https:\/\/dirler.com\/it\/cookie\/\" \/>\n<meta property=\"og:locale\" content=\"it_IT\" \/>\n<meta property=\"og:type\" content=\"article\" \/>\n<meta property=\"og:title\" content=\"Cookie | Kunstgie\u00dferei Dirler\" \/>\n<meta property=\"og:description\" content=\"COOKIE Questo sito fa uso di cookie I cookie sono piccoli file di testo memorizzati dal browser sul disco rigido del visitatore di un sito web. L&#8217;utilizzo di cookie avviene per vari motivi. Ad esempio rendono pi\u00f9 facile la navigazione, memorizzano le preferenze dell&#8217;utente e contribuiscono al fornimento di una migliore esperienza di navigazione. Accendendo&hellip;\" \/>\n<meta property=\"og:url\" content=\"https:\/\/dirler.com\/it\/cookie\/\" \/>\n<meta property=\"og:site_name\" content=\"Kunstgie\u00dferei Dirler\" \/>\n<meta property=\"article:publisher\" content=\"https:\/\/www.facebook.com\/kunstgiesserei\" \/>\n<meta property=\"article:modified_time\" content=\"2020-09-09T14:43:44+00:00\" \/>\n<meta name=\"twitter:card\" content=\"summary_large_image\" \/>\n<meta name=\"twitter:label1\" content=\"Tempo di lettura stimato\" \/>\n\t<meta name=\"twitter:data1\" content=\"3 minuti\" \/>\n<script type=\"application\/ld+json\" class=\"yoast-schema-graph\">{\"@context\":\"https:\/\/schema.org\",\"@graph\":[{\"@type\":\"WebPage\",\"@id\":\"https:\/\/dirler.com\/it\/cookie\/\",\"url\":\"https:\/\/dirler.com\/it\/cookie\/\",\"name\":\"Cookie | Kunstgie\u00dferei Dirler\",\"isPartOf\":{\"@id\":\"https:\/\/dirler.com\/it\/#website\"},\"datePublished\":\"2020-09-01T09:21:46+00:00\",\"dateModified\":\"2020-09-09T14:43:44+00:00\",\"breadcrumb\":{\"@id\":\"https:\/\/dirler.com\/it\/cookie\/#breadcrumb\"},\"inLanguage\":\"it-IT\",\"potentialAction\":[{\"@type\":\"ReadAction\",\"target\":[\"https:\/\/dirler.com\/it\/cookie\/\"]}]},{\"@type\":\"BreadcrumbList\",\"@id\":\"https:\/\/dirler.com\/it\/cookie\/#breadcrumb\",\"itemListElement\":[{\"@type\":\"ListItem\",\"position\":1,\"name\":\"Startseite\",\"item\":\"https:\/\/dirler.com\/it\/\"},{\"@type\":\"ListItem\",\"position\":2,\"name\":\"Cookie\"}]},{\"@type\":\"WebSite\",\"@id\":\"https:\/\/dirler.com\/it\/#website\",\"url\":\"https:\/\/dirler.com\/it\/\",\"name\":\"Kunstgie\u00dferei Dirler\",\"description\":\"Bronzegie\u00dferei Gie\u00dferei Aluminium Messing Bronze\",\"publisher\":{\"@id\":\"https:\/\/dirler.com\/it\/#organization\"},\"potentialAction\":[{\"@type\":\"SearchAction\",\"target\":{\"@type\":\"EntryPoint\",\"urlTemplate\":\"https:\/\/dirler.com\/it\/?s={search_term_string}\"},\"query-input\":{\"@type\":\"PropertyValueSpecification\",\"valueRequired\":true,\"valueName\":\"search_term_string\"}}],\"inLanguage\":\"it-IT\"},{\"@type\":\"Organization\",\"@id\":\"https:\/\/dirler.com\/it\/#organization\",\"name\":\"Kunstgie\u00dferei Dirler\",\"url\":\"https:\/\/dirler.com\/it\/\",\"logo\":{\"@type\":\"ImageObject\",\"inLanguage\":\"it-IT\",\"@id\":\"https:\/\/dirler.com\/it\/#\/schema\/logo\/image\/\",\"url\":\"https:\/\/dirler.com\/wp-content\/uploads\/2020\/09\/logo_dirler-1.png\",\"contentUrl\":\"https:\/\/dirler.com\/wp-content\/uploads\/2020\/09\/logo_dirler-1.png\",\"width\":270,\"height\":83,\"caption\":\"Kunstgie\u00dferei Dirler\"},\"image\":{\"@id\":\"https:\/\/dirler.com\/it\/#\/schema\/logo\/image\/\"},\"sameAs\":[\"https:\/\/www.facebook.com\/kunstgiesserei\",\"https:\/\/www.instagram.com\/kunstgiesserei\/\"]}]}<\/script>\n<!-- \/ Yoast SEO plugin. -->","yoast_head_json":{"title":"Cookie | Kunstgie\u00dferei Dirler","robots":{"index":"index","follow":"follow","max-snippet":"max-snippet:-1","max-image-preview":"max-image-preview:large","max-video-preview":"max-video-preview:-1"},"canonical":"https:\/\/dirler.com\/it\/cookie\/","og_locale":"it_IT","og_type":"article","og_title":"Cookie | Kunstgie\u00dferei Dirler","og_description":"COOKIE Questo sito fa uso di cookie I cookie sono piccoli file di testo memorizzati dal browser sul disco rigido del visitatore di un sito web. L&#8217;utilizzo di cookie avviene per vari motivi. Ad esempio rendono pi\u00f9 facile la navigazione, memorizzano le preferenze dell&#8217;utente e contribuiscono al fornimento di una migliore esperienza di navigazione. Accendendo&hellip;","og_url":"https:\/\/dirler.com\/it\/cookie\/","og_site_name":"Kunstgie\u00dferei Dirler","article_publisher":"https:\/\/www.facebook.com\/kunstgiesserei","article_modified_time":"2020-09-09T14:43:44+00:00","twitter_card":"summary_large_image","twitter_misc":{"Tempo di lettura stimato":"3 minuti"},"schema":{"@context":"https:\/\/schema.org","@graph":[{"@type":"WebPage","@id":"https:\/\/dirler.com\/it\/cookie\/","url":"https:\/\/dirler.com\/it\/cookie\/","name":"Cookie | Kunstgie\u00dferei Dirler","isPartOf":{"@id":"https:\/\/dirler.com\/it\/#website"},"datePublished":"2020-09-01T09:21:46+00:00","dateModified":"2020-09-09T14:43:44+00:00","breadcrumb":{"@id":"https:\/\/dirler.com\/it\/cookie\/#breadcrumb"},"inLanguage":"it-IT","potentialAction":[{"@type":"ReadAction","target":["https:\/\/dirler.com\/it\/cookie\/"]}]},{"@type":"BreadcrumbList","@id":"https:\/\/dirler.com\/it\/cookie\/#breadcrumb","itemListElement":[{"@type":"ListItem","position":1,"name":"Startseite","item":"https:\/\/dirler.com\/it\/"},{"@type":"ListItem","position":2,"name":"Cookie"}]},{"@type":"WebSite","@id":"https:\/\/dirler.com\/it\/#website","url":"https:\/\/dirler.com\/it\/","name":"Kunstgie\u00dferei Dirler","description":"Bronzegie\u00dferei Gie\u00dferei Aluminium Messing Bronze","publisher":{"@id":"https:\/\/dirler.com\/it\/#organization"},"potentialAction":[{"@type":"SearchAction","target":{"@type":"EntryPoint","urlTemplate":"https:\/\/dirler.com\/it\/?s={search_term_string}"},"query-input":{"@type":"PropertyValueSpecification","valueRequired":true,"valueName":"search_term_string"}}],"inLanguage":"it-IT"},{"@type":"Organization","@id":"https:\/\/dirler.com\/it\/#organization","name":"Kunstgie\u00dferei Dirler","url":"https:\/\/dirler.com\/it\/","logo":{"@type":"ImageObject","inLanguage":"it-IT","@id":"https:\/\/dirler.com\/it\/#\/schema\/logo\/image\/","url":"https:\/\/dirler.com\/wp-content\/uploads\/2020\/09\/logo_dirler-1.png","contentUrl":"https:\/\/dirler.com\/wp-content\/uploads\/2020\/09\/logo_dirler-1.png","width":270,"height":83,"caption":"Kunstgie\u00dferei Dirler"},"image":{"@id":"https:\/\/dirler.com\/it\/#\/schema\/logo\/image\/"},"sameAs":["https:\/\/www.facebook.com\/kunstgiesserei","https:\/\/www.instagram.com\/kunstgiesserei\/"]}]}},"_links":{"self":[{"href":"https:\/\/dirler.com\/it\/wp-json\/wp\/v2\/pages\/365","targetHints":{"allow":["GET"]}}],"collection":[{"href":"https:\/\/dirler.com\/it\/wp-json\/wp\/v2\/pages"}],"about":[{"href":"https:\/\/dirler.com\/it\/wp-json\/wp\/v2\/types\/page"}],"author":[{"embeddable":true,"href":"https:\/\/dirler.com\/it\/wp-json\/wp\/v2\/users\/1"}],"replies":[{"embeddable":true,"href":"https:\/\/dirler.com\/it\/wp-json\/wp\/v2\/comments?post=365"}],"version-history":[{"count":3,"href":"https:\/\/dirler.com\/it\/wp-json\/wp\/v2\/pages\/365\/revisions"}],"predecessor-version":[{"id":541,"href":"https:\/\/dirler.com\/it\/wp-json\/wp\/v2\/pages\/365\/revisions\/541"}],"wp:attachment":[{"href":"https:\/\/dirler.com\/it\/wp-json\/wp\/v2\/media?parent=365"}],"curies":[{"name":"wp","href":"https:\/\/api.w.org\/{rel}","templated":true}]}}