{"id":370,"date":"2020-09-01T11:19:44","date_gmt":"2020-09-01T09:19:44","guid":{"rendered":"https:\/\/dirler.com\/impressum\/"},"modified":"2020-09-09T16:37:22","modified_gmt":"2020-09-09T14:37:22","slug":"colophon","status":"publish","type":"page","link":"https:\/\/dirler.com\/it\/colophon\/","title":{"rendered":"Colophon"},"content":{"rendered":"\n\t\t<h1>\n\t\t\tCOLOPHON\n\t\t<\/h1>\n\t<h3>Responsabile per il contenuto del sito:<\/h3>\n<strong>Fonderia d&#8217;Arte Dirler<br \/>\n<\/strong>Referente: Stefan Dirler<br \/>\nVia F. Innerhofer 24<br \/>\n39020 Marlengo (BZ)<br \/>\nAlto Adige &#8211; Italia\nTel. <a href=\"tel:00390473440248\">+39 0473 440248<\/a><br \/>\nE-Mail: <a href=\"mailto:art@dirler.com\">art@dirler.com<\/a><br \/>\nPart. IVA: IT02650680214\n\t<h3>Suggerimento riguardante i link<\/h3>\n<p>I link pubblicati sono stati ricercati e composti con molta cura. L&#8217;operatore del sito non ha alcuna influenza sulla realizzazione e i contenuti delle pagini linkabili. Egli non \u00e8 responsabile per il contenuto delle pagine linkabili e non si appropria del contenuto. Per contenuti illegali, non corretti o incompleti, come anche per danni, i quali possono emergere dall&#8217;utilizzo o il non utilizzo delle informazioni, \u00e8 solo responsabile colui che offre la pagina web, alla quale \u00e8 stato fatto riferimento.<\/p>\n<h3>Materiale fotografico<\/h3>\n<p>\u00a9 Stefan Dirler<\/p>\n<h3>Regolamento UE n. 524\/2016<\/h3>\n<p>Informazione obbligatoria ai sensi del Regolamento UE n. 524\/2016 del Parlamento europeo e del Consiglio<br \/>Piattaforma per la risoluzione delle controversie online dei consumatori (ODR) della Commissione europea: <a href=\"http:\/\/ec.europa.eu\/consumers\/odr\/\" target=\"_blank\" rel=\"noopener noreferrer\">http:\/\/ec.europa.eu\/consumers\/odr\/<\/a><\/p>\n","protected":false},"excerpt":{"rendered":"<p>COLOPHON Responsabile per il contenuto del sito: Fonderia d&#8217;Arte Dirler Referente: Stefan Dirler Via F. Innerhofer 24 39020 Marlengo (BZ) Alto Adige &#8211; Italia Tel. +39 0473 440248 E-Mail: art@dirler.com Part. IVA: IT02650680214 Suggerimento riguardante i link I link pubblicati sono stati ricercati e composti con molta cura. L&#8217;operatore del sito non ha alcuna influenza&hellip;<\/p>\n","protected":false},"author":1,"featured_media":0,"parent":0,"menu_order":6,"comment_status":"closed","ping_status":"closed","template":"","meta":{"footnotes":""},"class_list":["post-370","page","type-page","status-publish","hentry"],"yoast_head":"<!-- This site is optimized with the Yoast SEO plugin v27.0 - https:\/\/yoast.com\/product\/yoast-seo-wordpress\/ -->\n<title>Colophon | Kunstgie\u00dferei Dirler<\/title>\n<meta name=\"robots\" content=\"index, follow, max-snippet:-1, max-image-preview:large, max-video-preview:-1\" \/>\n<link rel=\"canonical\" href=\"https:\/\/dirler.com\/it\/colophon\/\" \/>\n<meta property=\"og:locale\" content=\"it_IT\" \/>\n<meta property=\"og:type\" content=\"article\" \/>\n<meta property=\"og:title\" content=\"Colophon | Kunstgie\u00dferei Dirler\" \/>\n<meta property=\"og:description\" content=\"COLOPHON Responsabile per il contenuto del sito: Fonderia d&#8217;Arte Dirler Referente: Stefan Dirler Via F. Innerhofer 24 39020 Marlengo (BZ) Alto Adige &#8211; Italia Tel. +39 0473 440248 E-Mail: art@dirler.com Part. IVA: IT02650680214 Suggerimento riguardante i link I link pubblicati sono stati ricercati e composti con molta cura. L&#8217;operatore del sito non ha alcuna influenza&hellip;\" \/>\n<meta property=\"og:url\" content=\"https:\/\/dirler.com\/it\/colophon\/\" \/>\n<meta property=\"og:site_name\" content=\"Kunstgie\u00dferei Dirler\" \/>\n<meta property=\"article:publisher\" content=\"https:\/\/www.facebook.com\/kunstgiesserei\" \/>\n<meta property=\"article:modified_time\" content=\"2020-09-09T14:37:22+00:00\" \/>\n<meta name=\"twitter:card\" content=\"summary_large_image\" \/>\n<meta name=\"twitter:label1\" content=\"Tempo di lettura stimato\" \/>\n\t<meta name=\"twitter:data1\" content=\"1 minuto\" \/>\n<script type=\"application\/ld+json\" class=\"yoast-schema-graph\">{\"@context\":\"https:\/\/schema.org\",\"@graph\":[{\"@type\":\"WebPage\",\"@id\":\"https:\/\/dirler.com\/it\/colophon\/\",\"url\":\"https:\/\/dirler.com\/it\/colophon\/\",\"name\":\"Colophon | Kunstgie\u00dferei Dirler\",\"isPartOf\":{\"@id\":\"https:\/\/dirler.com\/it\/#website\"},\"datePublished\":\"2020-09-01T09:19:44+00:00\",\"dateModified\":\"2020-09-09T14:37:22+00:00\",\"breadcrumb\":{\"@id\":\"https:\/\/dirler.com\/it\/colophon\/#breadcrumb\"},\"inLanguage\":\"it-IT\",\"potentialAction\":[{\"@type\":\"ReadAction\",\"target\":[\"https:\/\/dirler.com\/it\/colophon\/\"]}]},{\"@type\":\"BreadcrumbList\",\"@id\":\"https:\/\/dirler.com\/it\/colophon\/#breadcrumb\",\"itemListElement\":[{\"@type\":\"ListItem\",\"position\":1,\"name\":\"Startseite\",\"item\":\"https:\/\/dirler.com\/it\/\"},{\"@type\":\"ListItem\",\"position\":2,\"name\":\"Colophon\"}]},{\"@type\":\"WebSite\",\"@id\":\"https:\/\/dirler.com\/it\/#website\",\"url\":\"https:\/\/dirler.com\/it\/\",\"name\":\"Kunstgie\u00dferei Dirler\",\"description\":\"Bronzegie\u00dferei Gie\u00dferei Aluminium Messing Bronze\",\"publisher\":{\"@id\":\"https:\/\/dirler.com\/it\/#organization\"},\"potentialAction\":[{\"@type\":\"SearchAction\",\"target\":{\"@type\":\"EntryPoint\",\"urlTemplate\":\"https:\/\/dirler.com\/it\/?s={search_term_string}\"},\"query-input\":{\"@type\":\"PropertyValueSpecification\",\"valueRequired\":true,\"valueName\":\"search_term_string\"}}],\"inLanguage\":\"it-IT\"},{\"@type\":\"Organization\",\"@id\":\"https:\/\/dirler.com\/it\/#organization\",\"name\":\"Kunstgie\u00dferei Dirler\",\"url\":\"https:\/\/dirler.com\/it\/\",\"logo\":{\"@type\":\"ImageObject\",\"inLanguage\":\"it-IT\",\"@id\":\"https:\/\/dirler.com\/it\/#\/schema\/logo\/image\/\",\"url\":\"https:\/\/dirler.com\/wp-content\/uploads\/2020\/09\/logo_dirler-1.png\",\"contentUrl\":\"https:\/\/dirler.com\/wp-content\/uploads\/2020\/09\/logo_dirler-1.png\",\"width\":270,\"height\":83,\"caption\":\"Kunstgie\u00dferei Dirler\"},\"image\":{\"@id\":\"https:\/\/dirler.com\/it\/#\/schema\/logo\/image\/\"},\"sameAs\":[\"https:\/\/www.facebook.com\/kunstgiesserei\",\"https:\/\/www.instagram.com\/kunstgiesserei\/\"]}]}<\/script>\n<!-- \/ Yoast SEO plugin. -->","yoast_head_json":{"title":"Colophon | Kunstgie\u00dferei Dirler","robots":{"index":"index","follow":"follow","max-snippet":"max-snippet:-1","max-image-preview":"max-image-preview:large","max-video-preview":"max-video-preview:-1"},"canonical":"https:\/\/dirler.com\/it\/colophon\/","og_locale":"it_IT","og_type":"article","og_title":"Colophon | Kunstgie\u00dferei Dirler","og_description":"COLOPHON Responsabile per il contenuto del sito: Fonderia d&#8217;Arte Dirler Referente: Stefan Dirler Via F. Innerhofer 24 39020 Marlengo (BZ) Alto Adige &#8211; Italia Tel. +39 0473 440248 E-Mail: art@dirler.com Part. IVA: IT02650680214 Suggerimento riguardante i link I link pubblicati sono stati ricercati e composti con molta cura. L&#8217;operatore del sito non ha alcuna influenza&hellip;","og_url":"https:\/\/dirler.com\/it\/colophon\/","og_site_name":"Kunstgie\u00dferei Dirler","article_publisher":"https:\/\/www.facebook.com\/kunstgiesserei","article_modified_time":"2020-09-09T14:37:22+00:00","twitter_card":"summary_large_image","twitter_misc":{"Tempo di lettura stimato":"1 minuto"},"schema":{"@context":"https:\/\/schema.org","@graph":[{"@type":"WebPage","@id":"https:\/\/dirler.com\/it\/colophon\/","url":"https:\/\/dirler.com\/it\/colophon\/","name":"Colophon | Kunstgie\u00dferei Dirler","isPartOf":{"@id":"https:\/\/dirler.com\/it\/#website"},"datePublished":"2020-09-01T09:19:44+00:00","dateModified":"2020-09-09T14:37:22+00:00","breadcrumb":{"@id":"https:\/\/dirler.com\/it\/colophon\/#breadcrumb"},"inLanguage":"it-IT","potentialAction":[{"@type":"ReadAction","target":["https:\/\/dirler.com\/it\/colophon\/"]}]},{"@type":"BreadcrumbList","@id":"https:\/\/dirler.com\/it\/colophon\/#breadcrumb","itemListElement":[{"@type":"ListItem","position":1,"name":"Startseite","item":"https:\/\/dirler.com\/it\/"},{"@type":"ListItem","position":2,"name":"Colophon"}]},{"@type":"WebSite","@id":"https:\/\/dirler.com\/it\/#website","url":"https:\/\/dirler.com\/it\/","name":"Kunstgie\u00dferei Dirler","description":"Bronzegie\u00dferei Gie\u00dferei Aluminium Messing Bronze","publisher":{"@id":"https:\/\/dirler.com\/it\/#organization"},"potentialAction":[{"@type":"SearchAction","target":{"@type":"EntryPoint","urlTemplate":"https:\/\/dirler.com\/it\/?s={search_term_string}"},"query-input":{"@type":"PropertyValueSpecification","valueRequired":true,"valueName":"search_term_string"}}],"inLanguage":"it-IT"},{"@type":"Organization","@id":"https:\/\/dirler.com\/it\/#organization","name":"Kunstgie\u00dferei Dirler","url":"https:\/\/dirler.com\/it\/","logo":{"@type":"ImageObject","inLanguage":"it-IT","@id":"https:\/\/dirler.com\/it\/#\/schema\/logo\/image\/","url":"https:\/\/dirler.com\/wp-content\/uploads\/2020\/09\/logo_dirler-1.png","contentUrl":"https:\/\/dirler.com\/wp-content\/uploads\/2020\/09\/logo_dirler-1.png","width":270,"height":83,"caption":"Kunstgie\u00dferei Dirler"},"image":{"@id":"https:\/\/dirler.com\/it\/#\/schema\/logo\/image\/"},"sameAs":["https:\/\/www.facebook.com\/kunstgiesserei","https:\/\/www.instagram.com\/kunstgiesserei\/"]}]}},"_links":{"self":[{"href":"https:\/\/dirler.com\/it\/wp-json\/wp\/v2\/pages\/370","targetHints":{"allow":["GET"]}}],"collection":[{"href":"https:\/\/dirler.com\/it\/wp-json\/wp\/v2\/pages"}],"about":[{"href":"https:\/\/dirler.com\/it\/wp-json\/wp\/v2\/types\/page"}],"author":[{"embeddable":true,"href":"https:\/\/dirler.com\/it\/wp-json\/wp\/v2\/users\/1"}],"replies":[{"embeddable":true,"href":"https:\/\/dirler.com\/it\/wp-json\/wp\/v2\/comments?post=370"}],"version-history":[{"count":5,"href":"https:\/\/dirler.com\/it\/wp-json\/wp\/v2\/pages\/370\/revisions"}],"predecessor-version":[{"id":532,"href":"https:\/\/dirler.com\/it\/wp-json\/wp\/v2\/pages\/370\/revisions\/532"}],"wp:attachment":[{"href":"https:\/\/dirler.com\/it\/wp-json\/wp\/v2\/media?parent=370"}],"curies":[{"name":"wp","href":"https:\/\/api.w.org\/{rel}","templated":true}]}}