{"id":375,"date":"2020-09-01T11:18:55","date_gmt":"2020-09-01T09:18:55","guid":{"rendered":"https:\/\/dirler.com\/ueber-uns\/"},"modified":"2020-09-09T16:32:25","modified_gmt":"2020-09-09T14:32:25","slug":"chi-siamo","status":"publish","type":"page","link":"https:\/\/dirler.com\/it\/chi-siamo\/","title":{"rendered":"Chi siamo"},"content":{"rendered":"\n\t\t<h1>\n\t\t\tCHI SIAMO\n\t\t<\/h1>\n\t\t\t<p>Breve storia della nostra Fonderia<\/p>\t\t\n<h2>\n\t\tLa storia della Fonderia d&#8217;Arte Dirler\n\t<\/h2>\n\t<p><em>Qui trover\u00e0 una breve storia della nostra azienda. Vinzenz Dirler ha lavorato con diversi maestri artigiani. Le varie esperienze fatte contribuiscono al successo della nostra azienda. <\/em><\/p>\n\t<p>All&#8217;et\u00e0 di otto anni Vinzenz Dirler ebbe per la prima volta l&#8217;occasione di osservare il lavoro di fonditore presso l&#8217;officina del signor Weithaler di Cermes (Kr\u00e4nzlhof).<\/p>\n<p>L\u00ec conobbe Hans Haslinger, un fonditore austriaco, presso il quale dal 1966 al 1971 fece un apprendistato dopo aver finito la scuola media. Nello stabilimento di Haslinger, Vinzenz impar\u00f2 il metodo della colata in sabbia.<\/p>\n<p>Dopo questa importante esperienza professionale in Austria, decise di fare un ulteriore apprendistato presso la &#8220;Fonderia Artistica Veronese&#8221;, dove dal 1973 al 1976 impar\u00f2 il metodo della cera persa. E fu proprio a Verona, dove per la prima volta ebbe l&#8217;opportunit\u00e0 di collaborare con artisti rinomati, come per esempio Claudio Trevi.<\/p>\n\t<p>All&#8217;et\u00e0 di 25 anni Vinzenz ritorn\u00f2 in Alto Adige e lavor\u00f2 per diverse imprese artigianali.<\/p>\n<p>Tra l&#8217;altro gest\u00ec un&#8217;officina a Tesimo dal 1978 al 2000 ed insieme a Michael H\u00f6llrigl in questo periodo si fece un nome come restauratore di chiese in Alto Adige.<\/p>\n<p>Durante questo periodo, e precisamente nel 1982, compr\u00f2 il Prantlhof a Marlengo, dove oggi si trova la fonderia d&#8217;arte Dirler.<\/p>\n<p>Suo figlio Stefan, dopo aver terminato una scuola professionale per elettricisti, decise di fare un apprendistato presso la fonderia di suo padre.<\/p>\n<p>Dal 2010 Stefan dirige l&#8217;impresa.<\/p>\n\t<iframe src=\"https:\/\/www.youtube-nocookie.com\/embed\/bRce_YzmZx0?rel=0\" frameborder=\"0\" allowfullscreen><\/iframe>\n","protected":false},"excerpt":{"rendered":"<p>CHI SIAMO Breve storia della nostra Fonderia La storia della Fonderia d&#8217;Arte Dirler Qui trover\u00e0 una breve storia della nostra azienda. Vinzenz Dirler ha lavorato con diversi maestri artigiani. Le varie esperienze fatte contribuiscono al successo della nostra azienda. All&#8217;et\u00e0 di otto anni Vinzenz Dirler ebbe per la prima volta l&#8217;occasione di osservare il lavoro&hellip;<\/p>\n","protected":false},"author":1,"featured_media":0,"parent":0,"menu_order":4,"comment_status":"closed","ping_status":"closed","template":"","meta":{"footnotes":""},"class_list":["post-375","page","type-page","status-publish","hentry"],"yoast_head":"<!-- This site is optimized with the Yoast SEO plugin v27.0 - https:\/\/yoast.com\/product\/yoast-seo-wordpress\/ -->\n<title>Chi siamo | Kunstgie\u00dferei Dirler<\/title>\n<meta name=\"robots\" content=\"index, follow, max-snippet:-1, max-image-preview:large, max-video-preview:-1\" \/>\n<link rel=\"canonical\" href=\"https:\/\/dirler.com\/it\/chi-siamo\/\" \/>\n<meta property=\"og:locale\" content=\"it_IT\" \/>\n<meta property=\"og:type\" content=\"article\" \/>\n<meta property=\"og:title\" content=\"Chi siamo | Kunstgie\u00dferei Dirler\" \/>\n<meta property=\"og:description\" content=\"CHI SIAMO Breve storia della nostra Fonderia La storia della Fonderia d&#8217;Arte Dirler Qui trover\u00e0 una breve storia della nostra azienda. Vinzenz Dirler ha lavorato con diversi maestri artigiani. Le varie esperienze fatte contribuiscono al successo della nostra azienda. All&#8217;et\u00e0 di otto anni Vinzenz Dirler ebbe per la prima volta l&#8217;occasione di osservare il lavoro&hellip;\" \/>\n<meta property=\"og:url\" content=\"https:\/\/dirler.com\/it\/chi-siamo\/\" \/>\n<meta property=\"og:site_name\" content=\"Kunstgie\u00dferei Dirler\" \/>\n<meta property=\"article:publisher\" content=\"https:\/\/www.facebook.com\/kunstgiesserei\" \/>\n<meta property=\"article:modified_time\" content=\"2020-09-09T14:32:25+00:00\" \/>\n<meta name=\"twitter:card\" content=\"summary_large_image\" \/>\n<meta name=\"twitter:label1\" content=\"Tempo di lettura stimato\" \/>\n\t<meta name=\"twitter:data1\" content=\"1 minuto\" \/>\n<script type=\"application\/ld+json\" class=\"yoast-schema-graph\">{\"@context\":\"https:\/\/schema.org\",\"@graph\":[{\"@type\":\"WebPage\",\"@id\":\"https:\/\/dirler.com\/it\/chi-siamo\/\",\"url\":\"https:\/\/dirler.com\/it\/chi-siamo\/\",\"name\":\"Chi siamo | Kunstgie\u00dferei Dirler\",\"isPartOf\":{\"@id\":\"https:\/\/dirler.com\/it\/#website\"},\"datePublished\":\"2020-09-01T09:18:55+00:00\",\"dateModified\":\"2020-09-09T14:32:25+00:00\",\"breadcrumb\":{\"@id\":\"https:\/\/dirler.com\/it\/chi-siamo\/#breadcrumb\"},\"inLanguage\":\"it-IT\",\"potentialAction\":[{\"@type\":\"ReadAction\",\"target\":[\"https:\/\/dirler.com\/it\/chi-siamo\/\"]}]},{\"@type\":\"BreadcrumbList\",\"@id\":\"https:\/\/dirler.com\/it\/chi-siamo\/#breadcrumb\",\"itemListElement\":[{\"@type\":\"ListItem\",\"position\":1,\"name\":\"Startseite\",\"item\":\"https:\/\/dirler.com\/it\/\"},{\"@type\":\"ListItem\",\"position\":2,\"name\":\"Chi siamo\"}]},{\"@type\":\"WebSite\",\"@id\":\"https:\/\/dirler.com\/it\/#website\",\"url\":\"https:\/\/dirler.com\/it\/\",\"name\":\"Kunstgie\u00dferei Dirler\",\"description\":\"Bronzegie\u00dferei Gie\u00dferei Aluminium Messing Bronze\",\"publisher\":{\"@id\":\"https:\/\/dirler.com\/it\/#organization\"},\"potentialAction\":[{\"@type\":\"SearchAction\",\"target\":{\"@type\":\"EntryPoint\",\"urlTemplate\":\"https:\/\/dirler.com\/it\/?s={search_term_string}\"},\"query-input\":{\"@type\":\"PropertyValueSpecification\",\"valueRequired\":true,\"valueName\":\"search_term_string\"}}],\"inLanguage\":\"it-IT\"},{\"@type\":\"Organization\",\"@id\":\"https:\/\/dirler.com\/it\/#organization\",\"name\":\"Kunstgie\u00dferei Dirler\",\"url\":\"https:\/\/dirler.com\/it\/\",\"logo\":{\"@type\":\"ImageObject\",\"inLanguage\":\"it-IT\",\"@id\":\"https:\/\/dirler.com\/it\/#\/schema\/logo\/image\/\",\"url\":\"https:\/\/dirler.com\/wp-content\/uploads\/2020\/09\/logo_dirler-1.png\",\"contentUrl\":\"https:\/\/dirler.com\/wp-content\/uploads\/2020\/09\/logo_dirler-1.png\",\"width\":270,\"height\":83,\"caption\":\"Kunstgie\u00dferei Dirler\"},\"image\":{\"@id\":\"https:\/\/dirler.com\/it\/#\/schema\/logo\/image\/\"},\"sameAs\":[\"https:\/\/www.facebook.com\/kunstgiesserei\",\"https:\/\/www.instagram.com\/kunstgiesserei\/\"]}]}<\/script>\n<!-- \/ Yoast SEO plugin. -->","yoast_head_json":{"title":"Chi siamo | Kunstgie\u00dferei Dirler","robots":{"index":"index","follow":"follow","max-snippet":"max-snippet:-1","max-image-preview":"max-image-preview:large","max-video-preview":"max-video-preview:-1"},"canonical":"https:\/\/dirler.com\/it\/chi-siamo\/","og_locale":"it_IT","og_type":"article","og_title":"Chi siamo | Kunstgie\u00dferei Dirler","og_description":"CHI SIAMO Breve storia della nostra Fonderia La storia della Fonderia d&#8217;Arte Dirler Qui trover\u00e0 una breve storia della nostra azienda. Vinzenz Dirler ha lavorato con diversi maestri artigiani. Le varie esperienze fatte contribuiscono al successo della nostra azienda. All&#8217;et\u00e0 di otto anni Vinzenz Dirler ebbe per la prima volta l&#8217;occasione di osservare il lavoro&hellip;","og_url":"https:\/\/dirler.com\/it\/chi-siamo\/","og_site_name":"Kunstgie\u00dferei Dirler","article_publisher":"https:\/\/www.facebook.com\/kunstgiesserei","article_modified_time":"2020-09-09T14:32:25+00:00","twitter_card":"summary_large_image","twitter_misc":{"Tempo di lettura stimato":"1 minuto"},"schema":{"@context":"https:\/\/schema.org","@graph":[{"@type":"WebPage","@id":"https:\/\/dirler.com\/it\/chi-siamo\/","url":"https:\/\/dirler.com\/it\/chi-siamo\/","name":"Chi siamo | Kunstgie\u00dferei Dirler","isPartOf":{"@id":"https:\/\/dirler.com\/it\/#website"},"datePublished":"2020-09-01T09:18:55+00:00","dateModified":"2020-09-09T14:32:25+00:00","breadcrumb":{"@id":"https:\/\/dirler.com\/it\/chi-siamo\/#breadcrumb"},"inLanguage":"it-IT","potentialAction":[{"@type":"ReadAction","target":["https:\/\/dirler.com\/it\/chi-siamo\/"]}]},{"@type":"BreadcrumbList","@id":"https:\/\/dirler.com\/it\/chi-siamo\/#breadcrumb","itemListElement":[{"@type":"ListItem","position":1,"name":"Startseite","item":"https:\/\/dirler.com\/it\/"},{"@type":"ListItem","position":2,"name":"Chi siamo"}]},{"@type":"WebSite","@id":"https:\/\/dirler.com\/it\/#website","url":"https:\/\/dirler.com\/it\/","name":"Kunstgie\u00dferei Dirler","description":"Bronzegie\u00dferei Gie\u00dferei Aluminium Messing Bronze","publisher":{"@id":"https:\/\/dirler.com\/it\/#organization"},"potentialAction":[{"@type":"SearchAction","target":{"@type":"EntryPoint","urlTemplate":"https:\/\/dirler.com\/it\/?s={search_term_string}"},"query-input":{"@type":"PropertyValueSpecification","valueRequired":true,"valueName":"search_term_string"}}],"inLanguage":"it-IT"},{"@type":"Organization","@id":"https:\/\/dirler.com\/it\/#organization","name":"Kunstgie\u00dferei Dirler","url":"https:\/\/dirler.com\/it\/","logo":{"@type":"ImageObject","inLanguage":"it-IT","@id":"https:\/\/dirler.com\/it\/#\/schema\/logo\/image\/","url":"https:\/\/dirler.com\/wp-content\/uploads\/2020\/09\/logo_dirler-1.png","contentUrl":"https:\/\/dirler.com\/wp-content\/uploads\/2020\/09\/logo_dirler-1.png","width":270,"height":83,"caption":"Kunstgie\u00dferei Dirler"},"image":{"@id":"https:\/\/dirler.com\/it\/#\/schema\/logo\/image\/"},"sameAs":["https:\/\/www.facebook.com\/kunstgiesserei","https:\/\/www.instagram.com\/kunstgiesserei\/"]}]}},"_links":{"self":[{"href":"https:\/\/dirler.com\/it\/wp-json\/wp\/v2\/pages\/375","targetHints":{"allow":["GET"]}}],"collection":[{"href":"https:\/\/dirler.com\/it\/wp-json\/wp\/v2\/pages"}],"about":[{"href":"https:\/\/dirler.com\/it\/wp-json\/wp\/v2\/types\/page"}],"author":[{"embeddable":true,"href":"https:\/\/dirler.com\/it\/wp-json\/wp\/v2\/users\/1"}],"replies":[{"embeddable":true,"href":"https:\/\/dirler.com\/it\/wp-json\/wp\/v2\/comments?post=375"}],"version-history":[{"count":3,"href":"https:\/\/dirler.com\/it\/wp-json\/wp\/v2\/pages\/375\/revisions"}],"predecessor-version":[{"id":526,"href":"https:\/\/dirler.com\/it\/wp-json\/wp\/v2\/pages\/375\/revisions\/526"}],"wp:attachment":[{"href":"https:\/\/dirler.com\/it\/wp-json\/wp\/v2\/media?parent=375"}],"curies":[{"name":"wp","href":"https:\/\/api.w.org\/{rel}","templated":true}]}}