{"id":377,"date":"2020-09-01T11:18:15","date_gmt":"2020-09-01T09:18:15","guid":{"rendered":"https:\/\/dirler.com\/verfahren\/"},"modified":"2020-09-09T16:30:38","modified_gmt":"2020-09-09T14:30:38","slug":"servizi","status":"publish","type":"page","link":"https:\/\/dirler.com\/it\/servizi\/","title":{"rendered":"Servizi"},"content":{"rendered":"\n\t\t<h1>\n\t\t\tSERVIZI\n\t\t<\/h1>\n\t\t\t<p>Cera persa e Colata in sabbia<\/p>\t\t\n<h2>\n\t\tPer la produzione di opere d&#8217;arte la nostra azienda usa due metodi: cera persa e colata in sabbia.\n\t<\/h2>\n\t<h3>Cera persa<\/h3>\n\t<p>Il primo passo consiste nell&#8217;imballare con plastilina un originale. Successivamente l&#8217;originale va impacchettato nel gesso che va suddiviso in due o pi\u00f9 sezioni per poterlo riaprire pi\u00f9 tardi.<\/p>\n<p>Nel momento in cui il gesso si \u00e8 indurito, va aperto e la plastilina va allontanata.<\/p>\n<p>Il fonditore ripone l&#8217;originale sotto il cappotto di gesso, versa gelatina nello spazio vuoto che poi acquisisce l&#8217;esatta forma negativa dell&#8217;originale.<\/p>\n<p>Successivamente, allontana l&#8217;originale e versa cera liquida nella cavit\u00e0. Nel momento in cui si \u00e8 formato uno strato di circa cinque millimetri, scarica la cera restante.<\/p>\n<p>Quando il modello di cera \u00e8 indurito, il fonditore apre e rimuove il cappotto di gesso e gelatina.<\/p>\n<p>Per evitare che la forma si smuova durante la fusione, stecca degli aghi nel modello di cera.<\/p>\n<p>Poi applica steli di canna al modello di cera che mantengono lo spazio per i canali di flusso e per i canali per l&#8217;uscita d&#8217;aria.<\/p>\n\t<p>Poi l&#8217;artigiano crea il cosiddetto bozzolo d&#8217;argilla, murando il modello di cera e gli steli di canna con argilla e riempendo la cavit\u00e0 con argilla liquida.<\/p>\n<p>Il bozzolo d&#8217;argilla viene calcinato fino a cinque giorni in una stufa ad una temperatura intorno agli 800 gradi. Durante la calcinatura la cera cola e gli steli di canna vengono bruciati.<\/p>\n<p>Dopo averlo lasciato raffreddare per tre giorni circa, il fonditore pone il bozzolo in una fossa. Riempie la fossa con terra, in modo che il bozzolo possa resistere alla pressione della fusione.<\/p>\n<p>Successivamente accalda il bronzo a 1300 gradi e lo versa nel bozzolo d&#8217;argilla. Dopo pochi minuti il bronzo indurisce. Il bozzolo va svincolato dalla terra e va fracassato.<\/p>\n<p>Ora rimane solo la plastica di bronzo. Gli aghi vanno tolti e la superficie va rifinita.<\/p>\n<p>Conclusivamente il fonditore toglie gli aghi e rifinisce la superficie patinando o brunendo la plastica di bronzo.<\/p>\n\t<h3><strong>La tecnica del getto in forma di sabbia<\/strong><\/h3>\n\t<p>Il fonditore pennella l&#8217;originale con gommalacca e lo sfrega con polvere di graffito. Poi pone l&#8217;originale su un&#8217;asse e su questa posiziona una staffa, in modo che l&#8217;originale si trovi nel suo centro.<\/p>\n<p>Poi riempie la staffa con terra di fonderia. Gira tutto e toglie l&#8217;asse.<\/p>\n<p>Pone una seconda staffa sulla prima e distribuisce polvere di graffito sull&#8217;area di terra. Successivamente riempie la seconda staffa di terra di fonderia. Ora le due staffe vanno divise.<\/p>\n\t<p>Il letto di sabbia della staffa superiore va bucato perch\u00e8 servono dei buchi come canali di flusso e come canali per l&#8217;uscita d&#8217;aria. Il fonditore rimuove l&#8217;originale dal letto di sabbia sottostante.<\/p>\n<p>Nel momento in cui i letti di sabbia, che contengono l&#8217;esatta forma negativa dell&#8217;originale, sono asciutti, vanno riattaccati e fissati.<\/p>\n<p>Ora il fonditore versa bronzo liquido nella forma, in modo che il bronzo indurendo apprenda la forma del negativo.<\/p>\n","protected":false},"excerpt":{"rendered":"<p>SERVIZI Cera persa e Colata in sabbia Per la produzione di opere d&#8217;arte la nostra azienda usa due metodi: cera persa e colata in sabbia. Cera persa Il primo passo consiste nell&#8217;imballare con plastilina un originale. Successivamente l&#8217;originale va impacchettato nel gesso che va suddiviso in due o pi\u00f9 sezioni per poterlo riaprire pi\u00f9 tardi.&hellip;<\/p>\n","protected":false},"author":1,"featured_media":0,"parent":0,"menu_order":3,"comment_status":"closed","ping_status":"closed","template":"","meta":{"footnotes":""},"class_list":["post-377","page","type-page","status-publish","hentry"],"yoast_head":"<!-- This site is optimized with the Yoast SEO plugin v27.0 - https:\/\/yoast.com\/product\/yoast-seo-wordpress\/ -->\n<title>Servizi | Kunstgie\u00dferei Dirler<\/title>\n<meta name=\"robots\" content=\"index, follow, max-snippet:-1, max-image-preview:large, max-video-preview:-1\" \/>\n<link rel=\"canonical\" href=\"https:\/\/dirler.com\/it\/servizi\/\" \/>\n<meta property=\"og:locale\" content=\"it_IT\" \/>\n<meta property=\"og:type\" content=\"article\" \/>\n<meta property=\"og:title\" content=\"Servizi | Kunstgie\u00dferei Dirler\" \/>\n<meta property=\"og:description\" content=\"SERVIZI Cera persa e Colata in sabbia Per la produzione di opere d&#8217;arte la nostra azienda usa due metodi: cera persa e colata in sabbia. Cera persa Il primo passo consiste nell&#8217;imballare con plastilina un originale. Successivamente l&#8217;originale va impacchettato nel gesso che va suddiviso in due o pi\u00f9 sezioni per poterlo riaprire pi\u00f9 tardi.&hellip;\" \/>\n<meta property=\"og:url\" content=\"https:\/\/dirler.com\/it\/servizi\/\" \/>\n<meta property=\"og:site_name\" content=\"Kunstgie\u00dferei Dirler\" \/>\n<meta property=\"article:publisher\" content=\"https:\/\/www.facebook.com\/kunstgiesserei\" \/>\n<meta property=\"article:modified_time\" content=\"2020-09-09T14:30:38+00:00\" \/>\n<meta name=\"twitter:card\" content=\"summary_large_image\" \/>\n<meta name=\"twitter:label1\" content=\"Tempo di lettura stimato\" \/>\n\t<meta name=\"twitter:data1\" content=\"2 minuti\" \/>\n<script type=\"application\/ld+json\" class=\"yoast-schema-graph\">{\"@context\":\"https:\/\/schema.org\",\"@graph\":[{\"@type\":\"WebPage\",\"@id\":\"https:\/\/dirler.com\/it\/servizi\/\",\"url\":\"https:\/\/dirler.com\/it\/servizi\/\",\"name\":\"Servizi | Kunstgie\u00dferei Dirler\",\"isPartOf\":{\"@id\":\"https:\/\/dirler.com\/it\/#website\"},\"datePublished\":\"2020-09-01T09:18:15+00:00\",\"dateModified\":\"2020-09-09T14:30:38+00:00\",\"breadcrumb\":{\"@id\":\"https:\/\/dirler.com\/it\/servizi\/#breadcrumb\"},\"inLanguage\":\"it-IT\",\"potentialAction\":[{\"@type\":\"ReadAction\",\"target\":[\"https:\/\/dirler.com\/it\/servizi\/\"]}]},{\"@type\":\"BreadcrumbList\",\"@id\":\"https:\/\/dirler.com\/it\/servizi\/#breadcrumb\",\"itemListElement\":[{\"@type\":\"ListItem\",\"position\":1,\"name\":\"Startseite\",\"item\":\"https:\/\/dirler.com\/it\/\"},{\"@type\":\"ListItem\",\"position\":2,\"name\":\"Servizi\"}]},{\"@type\":\"WebSite\",\"@id\":\"https:\/\/dirler.com\/it\/#website\",\"url\":\"https:\/\/dirler.com\/it\/\",\"name\":\"Kunstgie\u00dferei Dirler\",\"description\":\"Bronzegie\u00dferei Gie\u00dferei Aluminium Messing Bronze\",\"publisher\":{\"@id\":\"https:\/\/dirler.com\/it\/#organization\"},\"potentialAction\":[{\"@type\":\"SearchAction\",\"target\":{\"@type\":\"EntryPoint\",\"urlTemplate\":\"https:\/\/dirler.com\/it\/?s={search_term_string}\"},\"query-input\":{\"@type\":\"PropertyValueSpecification\",\"valueRequired\":true,\"valueName\":\"search_term_string\"}}],\"inLanguage\":\"it-IT\"},{\"@type\":\"Organization\",\"@id\":\"https:\/\/dirler.com\/it\/#organization\",\"name\":\"Kunstgie\u00dferei Dirler\",\"url\":\"https:\/\/dirler.com\/it\/\",\"logo\":{\"@type\":\"ImageObject\",\"inLanguage\":\"it-IT\",\"@id\":\"https:\/\/dirler.com\/it\/#\/schema\/logo\/image\/\",\"url\":\"https:\/\/dirler.com\/wp-content\/uploads\/2020\/09\/logo_dirler-1.png\",\"contentUrl\":\"https:\/\/dirler.com\/wp-content\/uploads\/2020\/09\/logo_dirler-1.png\",\"width\":270,\"height\":83,\"caption\":\"Kunstgie\u00dferei Dirler\"},\"image\":{\"@id\":\"https:\/\/dirler.com\/it\/#\/schema\/logo\/image\/\"},\"sameAs\":[\"https:\/\/www.facebook.com\/kunstgiesserei\",\"https:\/\/www.instagram.com\/kunstgiesserei\/\"]}]}<\/script>\n<!-- \/ Yoast SEO plugin. -->","yoast_head_json":{"title":"Servizi | Kunstgie\u00dferei Dirler","robots":{"index":"index","follow":"follow","max-snippet":"max-snippet:-1","max-image-preview":"max-image-preview:large","max-video-preview":"max-video-preview:-1"},"canonical":"https:\/\/dirler.com\/it\/servizi\/","og_locale":"it_IT","og_type":"article","og_title":"Servizi | Kunstgie\u00dferei Dirler","og_description":"SERVIZI Cera persa e Colata in sabbia Per la produzione di opere d&#8217;arte la nostra azienda usa due metodi: cera persa e colata in sabbia. Cera persa Il primo passo consiste nell&#8217;imballare con plastilina un originale. Successivamente l&#8217;originale va impacchettato nel gesso che va suddiviso in due o pi\u00f9 sezioni per poterlo riaprire pi\u00f9 tardi.&hellip;","og_url":"https:\/\/dirler.com\/it\/servizi\/","og_site_name":"Kunstgie\u00dferei Dirler","article_publisher":"https:\/\/www.facebook.com\/kunstgiesserei","article_modified_time":"2020-09-09T14:30:38+00:00","twitter_card":"summary_large_image","twitter_misc":{"Tempo di lettura stimato":"2 minuti"},"schema":{"@context":"https:\/\/schema.org","@graph":[{"@type":"WebPage","@id":"https:\/\/dirler.com\/it\/servizi\/","url":"https:\/\/dirler.com\/it\/servizi\/","name":"Servizi | Kunstgie\u00dferei Dirler","isPartOf":{"@id":"https:\/\/dirler.com\/it\/#website"},"datePublished":"2020-09-01T09:18:15+00:00","dateModified":"2020-09-09T14:30:38+00:00","breadcrumb":{"@id":"https:\/\/dirler.com\/it\/servizi\/#breadcrumb"},"inLanguage":"it-IT","potentialAction":[{"@type":"ReadAction","target":["https:\/\/dirler.com\/it\/servizi\/"]}]},{"@type":"BreadcrumbList","@id":"https:\/\/dirler.com\/it\/servizi\/#breadcrumb","itemListElement":[{"@type":"ListItem","position":1,"name":"Startseite","item":"https:\/\/dirler.com\/it\/"},{"@type":"ListItem","position":2,"name":"Servizi"}]},{"@type":"WebSite","@id":"https:\/\/dirler.com\/it\/#website","url":"https:\/\/dirler.com\/it\/","name":"Kunstgie\u00dferei Dirler","description":"Bronzegie\u00dferei Gie\u00dferei Aluminium Messing Bronze","publisher":{"@id":"https:\/\/dirler.com\/it\/#organization"},"potentialAction":[{"@type":"SearchAction","target":{"@type":"EntryPoint","urlTemplate":"https:\/\/dirler.com\/it\/?s={search_term_string}"},"query-input":{"@type":"PropertyValueSpecification","valueRequired":true,"valueName":"search_term_string"}}],"inLanguage":"it-IT"},{"@type":"Organization","@id":"https:\/\/dirler.com\/it\/#organization","name":"Kunstgie\u00dferei Dirler","url":"https:\/\/dirler.com\/it\/","logo":{"@type":"ImageObject","inLanguage":"it-IT","@id":"https:\/\/dirler.com\/it\/#\/schema\/logo\/image\/","url":"https:\/\/dirler.com\/wp-content\/uploads\/2020\/09\/logo_dirler-1.png","contentUrl":"https:\/\/dirler.com\/wp-content\/uploads\/2020\/09\/logo_dirler-1.png","width":270,"height":83,"caption":"Kunstgie\u00dferei Dirler"},"image":{"@id":"https:\/\/dirler.com\/it\/#\/schema\/logo\/image\/"},"sameAs":["https:\/\/www.facebook.com\/kunstgiesserei","https:\/\/www.instagram.com\/kunstgiesserei\/"]}]}},"_links":{"self":[{"href":"https:\/\/dirler.com\/it\/wp-json\/wp\/v2\/pages\/377","targetHints":{"allow":["GET"]}}],"collection":[{"href":"https:\/\/dirler.com\/it\/wp-json\/wp\/v2\/pages"}],"about":[{"href":"https:\/\/dirler.com\/it\/wp-json\/wp\/v2\/types\/page"}],"author":[{"embeddable":true,"href":"https:\/\/dirler.com\/it\/wp-json\/wp\/v2\/users\/1"}],"replies":[{"embeddable":true,"href":"https:\/\/dirler.com\/it\/wp-json\/wp\/v2\/comments?post=377"}],"version-history":[{"count":5,"href":"https:\/\/dirler.com\/it\/wp-json\/wp\/v2\/pages\/377\/revisions"}],"predecessor-version":[{"id":523,"href":"https:\/\/dirler.com\/it\/wp-json\/wp\/v2\/pages\/377\/revisions\/523"}],"wp:attachment":[{"href":"https:\/\/dirler.com\/it\/wp-json\/wp\/v2\/media?parent=377"}],"curies":[{"name":"wp","href":"https:\/\/api.w.org\/{rel}","templated":true}]}}